{"id":21675,"date":"2022-05-04T14:59:13","date_gmt":"2022-05-04T19:59:13","guid":{"rendered":"https:\/\/sandraceron.com.co\/?post_type=product&#038;p=21675"},"modified":"2023-07-06T18:19:51","modified_gmt":"2023-07-06T23:19:51","slug":"natural-colors-nude","status":"publish","type":"product","link":"https:\/\/sandraceron.com.co\/en\/product\/natural-colors-nude\/","title":{"rendered":"Natural Colors Nude"},"content":{"rendered":"<p>Lavar a mano, Usar detergente l\u00edquido, Secar a la sombra, No dejar en remojo, No usar cloro, No retorcer, Usar pa\u00f1o al planchar y temperatura adecuada. Tips Para una mejor fijaci\u00f3n de los colores en las prendas, despu\u00e9s del primer uso, sumerja la camisa en un recipiente con agua y dos tapas de vinagre o dos ctdas de sal, tiempo 3 a 5 minutos y enjuagar con abundante agua.<\/p>\n<p>Todas nuestras tallas oscilan entre dos y tres cent\u00edmetros, ya que dependiendo de la densidad, anchos de tela, elongaci\u00f3n de misma y porcentaje de encogimiento, tenemos un margen para que nuestros clientes puedan escoger la talla que mejor se ajuste a su ancho de espalda.<\/p>\n<p>ROHO by Sandra Ceron te invita a hacer nuestro test de medida para determinar la talla exacta en nuestra marca.<\/p>","protected":false},"excerpt":{"rendered":"<p>Camisa manga corta de silueta holgada, c\u00f3moda y fresca, material 100% algod\u00f3n, 100% rayon y otras mezclas, horma unisex, hecho en Colombia<\/p>\n<p><a style=\"font-size: 14px;\" href=\"https:\/\/sandraceron.com.co\/wp-content\/uploads\/2021\/10\/test-medida-roho.jpg\" data-rel=\"prettyPhoto\"> <img alt=\"\" \/><strong>TEST DE MEDIDA<\/strong><\/a> | <a style=\"font-size: 14px;\" href=\"https:\/\/api.whatsapp.com\/send\/?phone=573183291098&amp;text&amp;app_absent=0\" target=\"_blank\" rel=\"noopener\"><strong>ATENCI\u00d3N PERSONALIZADA<\/strong><\/a><\/p>","protected":false},"featured_media":21738,"template":"","meta":{"_joinchat":[]},"product_brand":[],"product_cat":[98],"product_tag":[99],"class_list":{"0":"post-21675","1":"product","2":"type-product","3":"status-publish","4":"has-post-thumbnail","6":"product_cat-basico-de-bronceo","7":"product_tag-vestidos-de-bano","9":"first","10":"instock","11":"shipping-taxable","12":"purchasable","13":"product-type-variable"},"_links":{"self":[{"href":"https:\/\/sandraceron.com.co\/en\/wp-json\/wp\/v2\/product\/21675","targetHints":{"allow":["GET"]}}],"collection":[{"href":"https:\/\/sandraceron.com.co\/en\/wp-json\/wp\/v2\/product"}],"about":[{"href":"https:\/\/sandraceron.com.co\/en\/wp-json\/wp\/v2\/types\/product"}],"wp:featuredmedia":[{"embeddable":true,"href":"https:\/\/sandraceron.com.co\/en\/wp-json\/wp\/v2\/media\/21738"}],"wp:attachment":[{"href":"https:\/\/sandraceron.com.co\/en\/wp-json\/wp\/v2\/media?parent=21675"}],"wp:term":[{"taxonomy":"product_brand","embeddable":true,"href":"https:\/\/sandraceron.com.co\/en\/wp-json\/wp\/v2\/product_brand?post=21675"},{"taxonomy":"product_cat","embeddable":true,"href":"https:\/\/sandraceron.com.co\/en\/wp-json\/wp\/v2\/product_cat?post=21675"},{"taxonomy":"product_tag","embeddable":true,"href":"https:\/\/sandraceron.com.co\/en\/wp-json\/wp\/v2\/product_tag?post=21675"}],"curies":[{"name":"wp","href":"https:\/\/api.w.org\/{rel}","templated":true}]}}