{"id":21693,"date":"2022-05-04T15:16:18","date_gmt":"2022-05-04T20:16:18","guid":{"rendered":"https:\/\/sandraceron.com.co\/?post_type=product&#038;p=21693"},"modified":"2023-07-06T18:17:22","modified_gmt":"2023-07-06T23:17:22","slug":"natural-colors-rojo","status":"publish","type":"product","link":"https:\/\/sandraceron.com.co\/en\/product\/natural-colors-rojo\/","title":{"rendered":"Natural Colors Rojo"},"content":{"rendered":"<p>Lavar a mano, Usar detergente l\u00edquido, Secar a la sombra, No dejar en remojo, No usar cloro, No retorcer, Usar pa\u00f1o al planchar y temperatura adecuada. Tips Para una mejor fijaci\u00f3n de los colores en las prendas, despu\u00e9s del primer uso, sumerja la camisa en un recipiente con agua y dos tapas de vinagre o dos ctdas de sal, tiempo 3 a 5 minutos y enjuagar con abundante agua.<br \/>\nDespu\u00e9s de cada uso, es recomendable, enjuagar con abundante agua para eliminar la sal del mar o el cloro de las piscinas.<\/p>","protected":false},"excerpt":{"rendered":"<p>Vestido de Ba\u00f1o, B\u00e1sico de Bronceo, material Niza, suave y confortable al tacto, resistente y duradero.<br \/>\nNuestra Colecci\u00f3n Natural Colors fue dise\u00f1ada para mujeres arriesgadas que aman darle un color parejo y perfecto al cuerpo, que disfrutan del sol en cualquier lugar. Los Colores de esta colecci\u00f3n resaltan la belleza Natural de nuestras pieles, la silueta de los tops y recogidos en la tanga, permiten dar un toque de volumen a esas maravillosas curvas Femeninas.<\/p>","protected":false},"featured_media":21749,"template":"","meta":{"_joinchat":[]},"product_brand":[],"product_cat":[98],"product_tag":[99],"class_list":{"0":"post-21693","1":"product","2":"type-product","3":"status-publish","4":"has-post-thumbnail","6":"product_cat-basico-de-bronceo","7":"product_tag-vestidos-de-bano","9":"first","10":"instock","11":"shipping-taxable","12":"purchasable","13":"product-type-variable"},"_links":{"self":[{"href":"https:\/\/sandraceron.com.co\/en\/wp-json\/wp\/v2\/product\/21693","targetHints":{"allow":["GET"]}}],"collection":[{"href":"https:\/\/sandraceron.com.co\/en\/wp-json\/wp\/v2\/product"}],"about":[{"href":"https:\/\/sandraceron.com.co\/en\/wp-json\/wp\/v2\/types\/product"}],"wp:featuredmedia":[{"embeddable":true,"href":"https:\/\/sandraceron.com.co\/en\/wp-json\/wp\/v2\/media\/21749"}],"wp:attachment":[{"href":"https:\/\/sandraceron.com.co\/en\/wp-json\/wp\/v2\/media?parent=21693"}],"wp:term":[{"taxonomy":"product_brand","embeddable":true,"href":"https:\/\/sandraceron.com.co\/en\/wp-json\/wp\/v2\/product_brand?post=21693"},{"taxonomy":"product_cat","embeddable":true,"href":"https:\/\/sandraceron.com.co\/en\/wp-json\/wp\/v2\/product_cat?post=21693"},{"taxonomy":"product_tag","embeddable":true,"href":"https:\/\/sandraceron.com.co\/en\/wp-json\/wp\/v2\/product_tag?post=21693"}],"curies":[{"name":"wp","href":"https:\/\/api.w.org\/{rel}","templated":true}]}}